{"id":34,"date":"2015-04-09T08:12:33","date_gmt":"2015-04-09T08:12:33","guid":{"rendered":"http:\/\/themes.muffingroup.com\/be\/translator\/?page_id=34"},"modified":"2024-12-16T11:01:53","modified_gmt":"2024-12-16T11:01:53","slug":"contact-us","status":"publish","type":"page","link":"https:\/\/novalliance.fr\/en\/nous-contacter\/","title":{"rendered":"Contact us"},"content":{"rendered":"<div data-elementor-type=\"wp-page\" data-elementor-id=\"34\" class=\"elementor elementor-34\" data-elementor-post-type=\"page\">\n\t\t\t\t\t\t<section class=\"elementor-section elementor-top-section elementor-element elementor-element-7c424ef elementor-section-boxed elementor-section-height-default elementor-section-height-default\" data-id=\"7c424ef\" data-element_type=\"section\" data-e-type=\"section\">\n\t\t\t\t\t\t<div class=\"elementor-container elementor-column-gap-default\">\n\t\t\t\t\t<div class=\"elementor-column elementor-col-100 elementor-top-column elementor-element elementor-element-bb9abe2\" data-id=\"bb9abe2\" data-element_type=\"column\" data-e-type=\"column\">\n\t\t\t<div class=\"elementor-widget-wrap elementor-element-populated\">\n\t\t\t\t\t\t<div class=\"elementor-element elementor-element-27d0699 elementor-widget elementor-widget-heading\" data-id=\"27d0699\" data-element_type=\"widget\" data-e-type=\"widget\" data-widget_type=\"heading.default\">\n\t\t\t\t<div class=\"elementor-widget-container\">\n\t\t\t\t\t<div class=\"elementor-heading-title elementor-size-default\">Novalliance Chartered Accountants<\/div>\t\t\t\t<\/div>\n\t\t\t\t<\/div>\n\t\t\t\t<div class=\"elementor-element elementor-element-802b73e elementor-widget elementor-widget-heading\" data-id=\"802b73e\" data-element_type=\"widget\" data-e-type=\"widget\" data-widget_type=\"heading.default\">\n\t\t\t\t<div class=\"elementor-widget-container\">\n\t\t\t\t\t<h1 class=\"elementor-heading-title elementor-size-default\">Are you looking for a different experience with your accountant?<\/h1>\t\t\t\t<\/div>\n\t\t\t\t<\/div>\n\t\t\t\t<div class=\"elementor-element elementor-element-1b78d44 elementor-widget elementor-widget-heading\" data-id=\"1b78d44\" data-element_type=\"widget\" data-e-type=\"widget\" data-widget_type=\"heading.default\">\n\t\t\t\t<div class=\"elementor-widget-container\">\n\t\t\t\t\t<div class=\"elementor-heading-title elementor-size-default\">Don't hesitate to contact us using the contact form below to arrange a call-back or to find out more about our services.<\/div>\t\t\t\t<\/div>\n\t\t\t\t<\/div>\n\t\t\t\t<div class=\"elementor-element elementor-element-e281dd9 elementor-widget elementor-widget-heading\" data-id=\"e281dd9\" data-element_type=\"widget\" data-e-type=\"widget\" data-widget_type=\"heading.default\">\n\t\t\t\t<div class=\"elementor-widget-container\">\n\t\t\t\t\t<p class=\"elementor-heading-title elementor-size-default\">We'll get back to you as quickly as possible.<\/p>\t\t\t\t<\/div>\n\t\t\t\t<\/div>\n\t\t\t\t<div class=\"elementor-element elementor-element-1a31221 elementor-widget elementor-widget-shortcode\" data-id=\"1a31221\" data-element_type=\"widget\" data-e-type=\"widget\" data-widget_type=\"shortcode.default\">\n\t\t\t\t<div class=\"elementor-widget-container\">\n\t\t\t\t\t\t\t<div class=\"elementor-shortcode\">\n<div class=\"wpcf7 no-js\" id=\"wpcf7-f57-o1\" lang=\"fr-FR\" dir=\"ltr\" data-wpcf7-id=\"57\">\n<div class=\"screen-reader-response\"><p role=\"status\" aria-live=\"polite\" aria-atomic=\"true\"><\/p> <ul><\/ul><\/div>\n<form action=\"\/en\/wp-json\/wp\/v2\/pages\/34#wpcf7-f57-o1\" method=\"post\" class=\"wpcf7-form init\" aria-label=\"Formulaire de contact\" novalidate=\"novalidate\" data-status=\"init\" data-trp-original-action=\"\/en\/wp-json\/wp\/v2\/pages\/34#wpcf7-f57-o1\">\n<fieldset class=\"hidden-fields-container\"><input type=\"hidden\" name=\"_wpcf7\" value=\"57\" \/><input type=\"hidden\" name=\"_wpcf7_version\" value=\"6.1.5\" \/><input type=\"hidden\" name=\"_wpcf7_locale\" value=\"fr_FR\" \/><input type=\"hidden\" name=\"_wpcf7_unit_tag\" value=\"wpcf7-f57-o1\" \/><input type=\"hidden\" name=\"_wpcf7_container_post\" value=\"0\" \/><input type=\"hidden\" name=\"_wpcf7_posted_data_hash\" value=\"\" \/><input type=\"hidden\" name=\"_wpcf7_recaptcha_response\" value=\"\" \/>\n<\/fieldset>\n<div class=\"column one-third\">\n\t<p><label>Your name (required) :<\/label><span class=\"wpcf7-form-control-wrap\" data-name=\"your-name\"><input size=\"40\" maxlength=\"400\" class=\"wpcf7-form-control wpcf7-text wpcf7-validates-as-required\" aria-required=\"true\" aria-invalid=\"false\" value=\"\" type=\"text\" name=\"your-name\" \/><\/span>\n\t<\/p>\n<\/div>\n<div class=\"column one-third\">\n\t<p><label>Your e-mail address (required) :<\/label><span class=\"wpcf7-form-control-wrap\" data-name=\"email\"><input size=\"40\" maxlength=\"400\" class=\"wpcf7-form-control wpcf7-email wpcf7-validates-as-required wpcf7-text wpcf7-validates-as-email\" aria-required=\"true\" aria-invalid=\"false\" value=\"\" type=\"email\" name=\"email\" \/><\/span>\n\t<\/p>\n<\/div>\n<div class=\"column one-third\">\n\t<p><label>Telephone number (required) :<\/label><span class=\"wpcf7-form-control-wrap\" data-name=\"num\"><input size=\"40\" maxlength=\"400\" class=\"wpcf7-form-control wpcf7-text wpcf7-validates-as-required\" aria-required=\"true\" aria-invalid=\"false\" value=\"\" type=\"text\" name=\"num\" \/><\/span>\n\t<\/p>\n<\/div>\n<div class=\"column one\">\n\t<p><label> My request:<br \/>\n<span class=\"wpcf7-form-control-wrap\" data-name=\"menu-601\"><select class=\"wpcf7-form-control wpcf7-select wpcf7-validates-as-required\" aria-required=\"true\" aria-invalid=\"false\" name=\"menu-601\"><option value=\"Demande de renseignement\">Request for information<\/option><option value=\"Demande de devis\">Request a quote<\/option><option value=\"Ambassadeur\">Ambassador<\/option><option value=\"Parler \u00e0 mon conseiller comptable\">Talk to my accountant<\/option><\/select><\/span> <\/label>\n\t<\/p>\n<\/div>\n<div class=\"column one\">\n\t<p><label>Subject :<\/label><span class=\"wpcf7-form-control-wrap\" data-name=\"your-subject\"><input size=\"40\" maxlength=\"400\" class=\"wpcf7-form-control wpcf7-text\" aria-invalid=\"false\" value=\"\" type=\"text\" name=\"your-subject\" \/><\/span>\n\t<\/p>\n<\/div>\n<div class=\"column one\">\n\t<p><label>Your message:<\/label><span class=\"wpcf7-form-control-wrap\" data-name=\"your-message\"><textarea cols=\"40\" rows=\"10\" maxlength=\"2000\" class=\"wpcf7-form-control wpcf7-textarea\" aria-invalid=\"false\" name=\"your-message\"><\/textarea><\/span>\n\t<\/p>\n<\/div>\n<p>Use of my data :\n<\/p>\n<p><span class=\"wpcf7-form-control-wrap\" data-name=\"checkbox-472\"><span class=\"wpcf7-form-control wpcf7-checkbox wpcf7-validates-as-required wpcf7-exclusive-checkbox\"><span class=\"wpcf7-list-item first\"><input type=\"checkbox\" name=\"checkbox-472\" value=\"J&#039;accepte que mes donn\u00e9es soient utilis\u00e9es \u00e0 des fins commerciales\" \/><span class=\"wpcf7-list-item-label\">I agree to my details being used for commercial purposes<\/span><\/span><span class=\"wpcf7-list-item last\"><input type=\"checkbox\" name=\"checkbox-472\" value=\"Je n&#039;accepte pas que mes donn\u00e9es soient utilis\u00e9es \u00e0 des fins commerciales\" \/><span class=\"wpcf7-list-item-label\">I do not agree to my details being used for commercial purposes<\/span><\/span><\/span><\/span>\n<\/p>\n<div class=\"column one submit-button\">\n\t<p><input class=\"wpcf7-form-control wpcf7-submit has-spinner\" type=\"submit\" value=\"Send\" \/>\n\t<\/p>\n<\/div><p style=\"display: none !important;\" class=\"akismet-fields-container\" data-prefix=\"_wpcf7_ak_\"><label>\u0394<textarea name=\"_wpcf7_ak_hp_textarea\" cols=\"45\" rows=\"8\" maxlength=\"100\"><\/textarea><\/label><input type=\"hidden\" id=\"ak_js_1\" name=\"_wpcf7_ak_js\" value=\"62\"\/><script>document.getElementById( \"ak_js_1\" ).setAttribute( \"value\", ( new Date() ).getTime() );<\/script><\/p><div class=\"wpcf7-response-output\" aria-hidden=\"true\"><\/div>\n<input type=\"hidden\" name=\"trp-form-language\" value=\"en\"\/><\/form>\n<\/div>\n<\/div>\n\t\t\t\t\t\t<\/div>\n\t\t\t\t<\/div>\n\t\t\t\t\t<\/div>\n\t\t<\/div>\n\t\t\t\t\t<\/div>\n\t\t<\/section>\n\t\t\t\t<section class=\"elementor-section elementor-top-section elementor-element elementor-element-876e691 elementor-section-boxed elementor-section-height-default elementor-section-height-default\" data-id=\"876e691\" data-element_type=\"section\" data-e-type=\"section\">\n\t\t\t\t\t\t<div class=\"elementor-container elementor-column-gap-default\">\n\t\t\t\t\t<div class=\"elementor-column elementor-col-25 elementor-top-column elementor-element elementor-element-73ef7dd\" data-id=\"73ef7dd\" data-element_type=\"column\" data-e-type=\"column\">\n\t\t\t<div class=\"elementor-widget-wrap elementor-element-populated\">\n\t\t\t\t\t\t<div class=\"elementor-element elementor-element-5d2d53e elementor-view-default elementor-widget elementor-widget-icon\" data-id=\"5d2d53e\" data-element_type=\"widget\" data-e-type=\"widget\" data-widget_type=\"icon.default\">\n\t\t\t\t<div class=\"elementor-widget-container\">\n\t\t\t\t\t\t\t<div class=\"elementor-icon-wrapper\">\n\t\t\t<div class=\"elementor-icon\">\n\t\t\t<i aria-hidden=\"true\" class=\"far fa-clock\"><\/i>\t\t\t<\/div>\n\t\t<\/div>\n\t\t\t\t\t\t<\/div>\n\t\t\t\t<\/div>\n\t\t\t\t<div class=\"elementor-element elementor-element-d6c3f66 elementor-widget elementor-widget-heading\" data-id=\"d6c3f66\" data-element_type=\"widget\" data-e-type=\"widget\" data-widget_type=\"heading.default\">\n\t\t\t\t<div class=\"elementor-widget-container\">\n\t\t\t\t\t<h2 class=\"elementor-heading-title elementor-size-default\">Opening times<\/h2>\t\t\t\t<\/div>\n\t\t\t\t<\/div>\n\t\t\t\t<div class=\"elementor-element elementor-element-31008f2 elementor-widget elementor-widget-text-editor\" data-id=\"31008f2\" data-element_type=\"widget\" data-e-type=\"widget\" data-widget_type=\"text-editor.default\">\n\t\t\t\t<div class=\"elementor-widget-container\">\n\t\t\t\t\t\t\t\t\t<p>Monday to Thursday<br \/>8.30am - 12.30pm<br \/>2.00 pm - 6.00 pm<br \/>Friday<br \/>closes at 5pm.<\/p>\t\t\t\t\t\t\t\t<\/div>\n\t\t\t\t<\/div>\n\t\t\t\t\t<\/div>\n\t\t<\/div>\n\t\t\t\t<div class=\"elementor-column elementor-col-25 elementor-top-column elementor-element elementor-element-d06cd46\" data-id=\"d06cd46\" data-element_type=\"column\" data-e-type=\"column\">\n\t\t\t<div class=\"elementor-widget-wrap elementor-element-populated\">\n\t\t\t\t\t\t<div class=\"elementor-element elementor-element-bd0318f elementor-view-default elementor-widget elementor-widget-icon\" data-id=\"bd0318f\" data-element_type=\"widget\" data-e-type=\"widget\" data-widget_type=\"icon.default\">\n\t\t\t\t<div class=\"elementor-widget-container\">\n\t\t\t\t\t\t\t<div class=\"elementor-icon-wrapper\">\n\t\t\t<div class=\"elementor-icon\">\n\t\t\t<i aria-hidden=\"true\" class=\"fas fa-phone-alt\"><\/i>\t\t\t<\/div>\n\t\t<\/div>\n\t\t\t\t\t\t<\/div>\n\t\t\t\t<\/div>\n\t\t\t\t<div class=\"elementor-element elementor-element-410bb5b elementor-widget elementor-widget-heading\" data-id=\"410bb5b\" data-element_type=\"widget\" data-e-type=\"widget\" data-widget_type=\"heading.default\">\n\t\t\t\t<div class=\"elementor-widget-container\">\n\t\t\t\t\t<h2 class=\"elementor-heading-title elementor-size-default\">Contact us<\/h2>\t\t\t\t<\/div>\n\t\t\t\t<\/div>\n\t\t\t\t<div class=\"elementor-element elementor-element-067996c elementor-widget elementor-widget-text-editor\" data-id=\"067996c\" data-element_type=\"widget\" data-e-type=\"widget\" data-widget_type=\"text-editor.default\">\n\t\t\t\t<div class=\"elementor-widget-container\">\n\t\t\t\t\t\t\t\t\t<p>Tel: <a href=\"tel:+33491760012\">04 91 76 00 12<\/a><br \/><br \/><\/p>\t\t\t\t\t\t\t\t<\/div>\n\t\t\t\t<\/div>\n\t\t\t\t\t<\/div>\n\t\t<\/div>\n\t\t\t\t<div class=\"elementor-column elementor-col-25 elementor-top-column elementor-element elementor-element-f51af31\" data-id=\"f51af31\" data-element_type=\"column\" data-e-type=\"column\">\n\t\t\t<div class=\"elementor-widget-wrap elementor-element-populated\">\n\t\t\t\t\t\t<div class=\"elementor-element elementor-element-d055bd5 elementor-view-default elementor-widget elementor-widget-icon\" data-id=\"d055bd5\" data-element_type=\"widget\" data-e-type=\"widget\" data-widget_type=\"icon.default\">\n\t\t\t\t<div class=\"elementor-widget-container\">\n\t\t\t\t\t\t\t<div class=\"elementor-icon-wrapper\">\n\t\t\t<div class=\"elementor-icon\">\n\t\t\t<i aria-hidden=\"true\" class=\"far fa-envelope\"><\/i>\t\t\t<\/div>\n\t\t<\/div>\n\t\t\t\t\t\t<\/div>\n\t\t\t\t<\/div>\n\t\t\t\t<div class=\"elementor-element elementor-element-69275a3 elementor-widget elementor-widget-heading\" data-id=\"69275a3\" data-element_type=\"widget\" data-e-type=\"widget\" data-widget_type=\"heading.default\">\n\t\t\t\t<div class=\"elementor-widget-container\">\n\t\t\t\t\t<h2 class=\"elementor-heading-title elementor-size-default\">Email<\/h2>\t\t\t\t<\/div>\n\t\t\t\t<\/div>\n\t\t\t\t<div class=\"elementor-element elementor-element-49e7d56 elementor-widget elementor-widget-text-editor\" data-id=\"49e7d56\" data-element_type=\"widget\" data-e-type=\"widget\" data-widget_type=\"text-editor.default\">\n\t\t\t\t<div class=\"elementor-widget-container\">\n\t\t\t\t\t\t\t\t\t<p><a href=\"mailto:contact@novalliance.fr\">contact@novalliance.fr<\/a><\/p>\t\t\t\t\t\t\t\t<\/div>\n\t\t\t\t<\/div>\n\t\t\t\t\t<\/div>\n\t\t<\/div>\n\t\t\t\t<div class=\"elementor-column elementor-col-25 elementor-top-column elementor-element elementor-element-d072102\" data-id=\"d072102\" data-element_type=\"column\" data-e-type=\"column\">\n\t\t\t<div class=\"elementor-widget-wrap elementor-element-populated\">\n\t\t\t\t\t\t<div class=\"elementor-element elementor-element-afbe0b6 elementor-view-default elementor-widget elementor-widget-icon\" data-id=\"afbe0b6\" data-element_type=\"widget\" data-e-type=\"widget\" data-widget_type=\"icon.default\">\n\t\t\t\t<div class=\"elementor-widget-container\">\n\t\t\t\t\t\t\t<div class=\"elementor-icon-wrapper\">\n\t\t\t<div class=\"elementor-icon\">\n\t\t\t<i aria-hidden=\"true\" class=\"fas fa-map-marker-alt\"><\/i>\t\t\t<\/div>\n\t\t<\/div>\n\t\t\t\t\t\t<\/div>\n\t\t\t\t<\/div>\n\t\t\t\t<div class=\"elementor-element elementor-element-a78a886 elementor-widget elementor-widget-heading\" data-id=\"a78a886\" data-element_type=\"widget\" data-e-type=\"widget\" data-widget_type=\"heading.default\">\n\t\t\t\t<div class=\"elementor-widget-container\">\n\t\t\t\t\t<h2 class=\"elementor-heading-title elementor-size-default\">Our contact details<\/h2>\t\t\t\t<\/div>\n\t\t\t\t<\/div>\n\t\t\t\t<div class=\"elementor-element elementor-element-b183548 elementor-widget elementor-widget-text-editor\" data-id=\"b183548\" data-element_type=\"widget\" data-e-type=\"widget\" data-widget_type=\"text-editor.default\">\n\t\t\t\t<div class=\"elementor-widget-container\">\n\t\t\t\t\t\t\t\t\t<p>NOVALLIANCE<br \/>Accounting expertise<br \/>24 Bis, Boulevard Barral, b\u00e2t 1<br \/>13008 MARSEILLE<\/p>\t\t\t\t\t\t\t\t<\/div>\n\t\t\t\t<\/div>\n\t\t\t\t\t<\/div>\n\t\t<\/div>\n\t\t\t\t\t<\/div>\n\t\t<\/section>\n\t\t\t\t<section class=\"elementor-section elementor-top-section elementor-element elementor-element-1168e27 elementor-section-full_width elementor-section-height-default elementor-section-height-default\" data-id=\"1168e27\" data-element_type=\"section\" data-e-type=\"section\">\n\t\t\t\t\t\t<div class=\"elementor-container elementor-column-gap-default\">\n\t\t\t\t\t<div class=\"elementor-column elementor-col-100 elementor-top-column elementor-element elementor-element-5df50b0\" data-id=\"5df50b0\" data-element_type=\"column\" data-e-type=\"column\">\n\t\t\t<div class=\"elementor-widget-wrap elementor-element-populated\">\n\t\t\t\t\t\t<div class=\"elementor-element elementor-element-6736b4f elementor-widget elementor-widget-google_maps\" data-id=\"6736b4f\" data-element_type=\"widget\" data-e-type=\"widget\" data-widget_type=\"google_maps.default\">\n\t\t\t\t<div class=\"elementor-widget-container\">\n\t\t\t\t\t\t\t<div class=\"elementor-custom-embed\">\n\t\t\t<iframe loading=\"lazy\"\n\t\t\t\t\tsrc=\"https:\/\/maps.google.com\/maps?q=No%20valliance%20expertise&#038;t=m&#038;z=10&#038;output=embed&#038;iwloc=near\"\n\t\t\t\t\ttitle=\"No valliance expertise\"\n\t\t\t\t\taria-label=\"No valliance expertise\"\n\t\t\t><\/iframe>\n\t\t<\/div>\n\t\t\t\t\t\t<\/div>\n\t\t\t\t<\/div>\n\t\t\t\t\t<\/div>\n\t\t<\/div>\n\t\t\t\t\t<\/div>\n\t\t<\/section>\n\t\t\t\t<\/div>","protected":false},"excerpt":{"rendered":"<p>Novalliance Expertise Comptable Vous recherchez une exp\u00e9rience diff\u00e9rente avec votre expert-comptable ? N&rsquo;h\u00e9sitez pas \u00e0 nous contacter via notre formulaire contact ci-dessous pour \u00eatre rappeler et obtenir un rendez-vous ou pour tout renseignement concernant nos services. Nous vous r\u00e9pondrons avec la plus grande attention et rapidement. Horaires d&rsquo;ouverture Du Lundi au Jeudi8h30 &#8211; 12h3014h00 &#8211; [&hellip;]<\/p>\n","protected":false},"author":2,"featured_media":0,"parent":0,"menu_order":0,"comment_status":"closed","ping_status":"open","template":"elementor_header_footer","meta":{"inline_featured_image":false,"footnotes":""},"class_list":["post-34","page","type-page","status-publish","hentry"],"yoast_head":"<!-- This site is optimized with the Yoast SEO plugin v27.4 - https:\/\/yoast.com\/product\/yoast-seo-wordpress\/ -->\n<title>Novalliance, Cabinet d&#039;Expertise Comptable \u00e0 Marseille<\/title>\n<meta name=\"description\" content=\"Gestion de la comptabilit\u00e9 de votre entreprise, aide \u00e0 l\u2019\u00e9dition de vos bulletins de paie, conseil \u00e0 l\u2019export, assistance dans les d\u00e9clarations fiscales.\" \/>\n<meta name=\"robots\" content=\"index, follow, max-snippet:-1, max-image-preview:large, max-video-preview:-1\" \/>\n<link rel=\"canonical\" href=\"https:\/\/novalliance.fr\/en\/contact-us\/\" \/>\n<meta property=\"og:locale\" content=\"en_GB\" \/>\n<meta property=\"og:type\" content=\"article\" \/>\n<meta property=\"og:title\" content=\"Novalliance, Cabinet d&#039;Expertise Comptable \u00e0 Marseille\" \/>\n<meta property=\"og:description\" content=\"Gestion de la comptabilit\u00e9 de votre entreprise, aide \u00e0 l\u2019\u00e9dition de vos bulletins de paie, conseil \u00e0 l\u2019export, assistance dans les d\u00e9clarations fiscales.\" \/>\n<meta property=\"og:url\" content=\"https:\/\/novalliance.fr\/en\/contact-us\/\" \/>\n<meta property=\"og:site_name\" content=\"novalliance.fr\" \/>\n<meta property=\"article:publisher\" content=\"https:\/\/www.facebook.com\/novalliance13\/\" \/>\n<meta property=\"article:modified_time\" content=\"2024-12-16T11:01:53+00:00\" \/>\n<meta name=\"twitter:card\" content=\"summary_large_image\" \/>\n<meta name=\"twitter:site\" content=\"@NovallianceEc\" \/>\n<meta name=\"twitter:label1\" content=\"Estimated reading time\" \/>\n\t<meta name=\"twitter:data1\" content=\"1 minute\" \/>\n<script type=\"application\/ld+json\" class=\"yoast-schema-graph\">{\"@context\":\"https:\\\/\\\/schema.org\",\"@graph\":[{\"@type\":\"WebPage\",\"@id\":\"https:\\\/\\\/novalliance.fr\\\/nous-contacter\\\/\",\"url\":\"https:\\\/\\\/novalliance.fr\\\/nous-contacter\\\/\",\"name\":\"Novalliance, Cabinet d'Expertise Comptable \u00e0 Marseille\",\"isPartOf\":{\"@id\":\"https:\\\/\\\/novalliance.fr\\\/#website\"},\"datePublished\":\"2015-04-09T08:12:33+00:00\",\"dateModified\":\"2024-12-16T11:01:53+00:00\",\"description\":\"Gestion de la comptabilit\u00e9 de votre entreprise, aide \u00e0 l\u2019\u00e9dition de vos bulletins de paie, conseil \u00e0 l\u2019export, assistance dans les d\u00e9clarations fiscales.\",\"breadcrumb\":{\"@id\":\"https:\\\/\\\/novalliance.fr\\\/nous-contacter\\\/#breadcrumb\"},\"inLanguage\":\"en-GB\",\"potentialAction\":[{\"@type\":\"ReadAction\",\"target\":[\"https:\\\/\\\/novalliance.fr\\\/nous-contacter\\\/\"]}]},{\"@type\":\"BreadcrumbList\",\"@id\":\"https:\\\/\\\/novalliance.fr\\\/nous-contacter\\\/#breadcrumb\",\"itemListElement\":[{\"@type\":\"ListItem\",\"position\":1,\"name\":\"Accueil\",\"item\":\"https:\\\/\\\/novalliance.fr\\\/\"},{\"@type\":\"ListItem\",\"position\":2,\"name\":\"Nous contacter\"}]},{\"@type\":\"WebSite\",\"@id\":\"https:\\\/\\\/novalliance.fr\\\/#website\",\"url\":\"https:\\\/\\\/novalliance.fr\\\/\",\"name\":\"novalliance.fr\",\"description\":\"Expert Comptable \u00e0 Marseille\",\"publisher\":{\"@id\":\"https:\\\/\\\/novalliance.fr\\\/#organization\"},\"potentialAction\":[{\"@type\":\"SearchAction\",\"target\":{\"@type\":\"EntryPoint\",\"urlTemplate\":\"https:\\\/\\\/novalliance.fr\\\/?s={search_term_string}\"},\"query-input\":{\"@type\":\"PropertyValueSpecification\",\"valueRequired\":true,\"valueName\":\"search_term_string\"}}],\"inLanguage\":\"en-GB\"},{\"@type\":\"Organization\",\"@id\":\"https:\\\/\\\/novalliance.fr\\\/#organization\",\"name\":\"novalliance.fr\",\"url\":\"https:\\\/\\\/novalliance.fr\\\/\",\"logo\":{\"@type\":\"ImageObject\",\"inLanguage\":\"en-GB\",\"@id\":\"https:\\\/\\\/novalliance.fr\\\/#\\\/schema\\\/logo\\\/image\\\/\",\"url\":\"https:\\\/\\\/novalliance.fr\\\/wp-content\\\/uploads\\\/2022\\\/01\\\/cropped-logo1_Novalliance_RVB_petales-13x10_sans-fond.png\",\"contentUrl\":\"https:\\\/\\\/novalliance.fr\\\/wp-content\\\/uploads\\\/2022\\\/01\\\/cropped-logo1_Novalliance_RVB_petales-13x10_sans-fond.png\",\"width\":1653,\"height\":1299,\"caption\":\"novalliance.fr\"},\"image\":{\"@id\":\"https:\\\/\\\/novalliance.fr\\\/#\\\/schema\\\/logo\\\/image\\\/\"},\"sameAs\":[\"https:\\\/\\\/www.facebook.com\\\/novalliance13\\\/\",\"https:\\\/\\\/x.com\\\/NovallianceEc\",\"https:\\\/\\\/www.linkedin.com\\\/company\\\/novalliance-expertise-comptable\\\/\"]}]}<\/script>\n<!-- \/ Yoast SEO plugin. -->","yoast_head_json":{"title":"Novalliance, a chartered accountancy firm in Marseille","description":"Management of your company's accounts, help with your pay slips, export advice, assistance with tax returns.","robots":{"index":"index","follow":"follow","max-snippet":"max-snippet:-1","max-image-preview":"max-image-preview:large","max-video-preview":"max-video-preview:-1"},"canonical":"https:\/\/novalliance.fr\/en\/contact-us\/","og_locale":"en_GB","og_type":"article","og_title":"Novalliance, Cabinet d'Expertise Comptable \u00e0 Marseille","og_description":"Gestion de la comptabilit\u00e9 de votre entreprise, aide \u00e0 l\u2019\u00e9dition de vos bulletins de paie, conseil \u00e0 l\u2019export, assistance dans les d\u00e9clarations fiscales.","og_url":"https:\/\/novalliance.fr\/en\/contact-us\/","og_site_name":"novalliance.fr","article_publisher":"https:\/\/www.facebook.com\/novalliance13\/","article_modified_time":"2024-12-16T11:01:53+00:00","twitter_card":"summary_large_image","twitter_site":"@NovallianceEc","twitter_misc":{"Estimated reading time":"1 minute"},"schema":{"@context":"https:\/\/schema.org","@graph":[{"@type":"WebPage","@id":"https:\/\/novalliance.fr\/nous-contacter\/","url":"https:\/\/novalliance.fr\/nous-contacter\/","name":"Novalliance, a chartered accountancy firm in Marseille","isPartOf":{"@id":"https:\/\/novalliance.fr\/#website"},"datePublished":"2015-04-09T08:12:33+00:00","dateModified":"2024-12-16T11:01:53+00:00","description":"Management of your company's accounts, help with your pay slips, export advice, assistance with tax returns.","breadcrumb":{"@id":"https:\/\/novalliance.fr\/nous-contacter\/#breadcrumb"},"inLanguage":"en-GB","potentialAction":[{"@type":"ReadAction","target":["https:\/\/novalliance.fr\/nous-contacter\/"]}]},{"@type":"BreadcrumbList","@id":"https:\/\/novalliance.fr\/nous-contacter\/#breadcrumb","itemListElement":[{"@type":"ListItem","position":1,"name":"Accueil","item":"https:\/\/novalliance.fr\/"},{"@type":"ListItem","position":2,"name":"Nous contacter"}]},{"@type":"WebSite","@id":"https:\/\/novalliance.fr\/#website","url":"https:\/\/novalliance.fr\/","name":"novalliance.fr","description":"Chartered Accountant in Marseille","publisher":{"@id":"https:\/\/novalliance.fr\/#organization"},"potentialAction":[{"@type":"SearchAction","target":{"@type":"EntryPoint","urlTemplate":"https:\/\/novalliance.fr\/?s={search_term_string}"},"query-input":{"@type":"PropertyValueSpecification","valueRequired":true,"valueName":"search_term_string"}}],"inLanguage":"en-GB"},{"@type":"Organization","@id":"https:\/\/novalliance.fr\/#organization","name":"novalliance.fr","url":"https:\/\/novalliance.fr\/","logo":{"@type":"ImageObject","inLanguage":"en-GB","@id":"https:\/\/novalliance.fr\/#\/schema\/logo\/image\/","url":"https:\/\/novalliance.fr\/wp-content\/uploads\/2022\/01\/cropped-logo1_Novalliance_RVB_petales-13x10_sans-fond.png","contentUrl":"https:\/\/novalliance.fr\/wp-content\/uploads\/2022\/01\/cropped-logo1_Novalliance_RVB_petales-13x10_sans-fond.png","width":1653,"height":1299,"caption":"novalliance.fr"},"image":{"@id":"https:\/\/novalliance.fr\/#\/schema\/logo\/image\/"},"sameAs":["https:\/\/www.facebook.com\/novalliance13\/","https:\/\/x.com\/NovallianceEc","https:\/\/www.linkedin.com\/company\/novalliance-expertise-comptable\/"]}]}},"_links":{"self":[{"href":"https:\/\/novalliance.fr\/en\/wp-json\/wp\/v2\/pages\/34","targetHints":{"allow":["GET"]}}],"collection":[{"href":"https:\/\/novalliance.fr\/en\/wp-json\/wp\/v2\/pages"}],"about":[{"href":"https:\/\/novalliance.fr\/en\/wp-json\/wp\/v2\/types\/page"}],"author":[{"embeddable":true,"href":"https:\/\/novalliance.fr\/en\/wp-json\/wp\/v2\/users\/2"}],"replies":[{"embeddable":true,"href":"https:\/\/novalliance.fr\/en\/wp-json\/wp\/v2\/comments?post=34"}],"version-history":[{"count":13,"href":"https:\/\/novalliance.fr\/en\/wp-json\/wp\/v2\/pages\/34\/revisions"}],"predecessor-version":[{"id":4673,"href":"https:\/\/novalliance.fr\/en\/wp-json\/wp\/v2\/pages\/34\/revisions\/4673"}],"wp:attachment":[{"href":"https:\/\/novalliance.fr\/en\/wp-json\/wp\/v2\/media?parent=34"}],"curies":[{"name":"wp","href":"https:\/\/api.w.org\/{rel}","templated":true}]}}